{"id":7783,"date":"2024-05-04T12:17:35","date_gmt":"2024-05-04T10:17:35","guid":{"rendered":"https:\/\/lifty.hr\/blog-2\/"},"modified":"2024-12-18T12:01:14","modified_gmt":"2024-12-18T11:01:14","slug":"blog","status":"publish","type":"page","link":"https:\/\/lifty.hr\/de\/blog\/","title":{"rendered":"Blog"},"content":{"rendered":"<style>.kb-row-layout-wrap.wp-block-kadence-rowlayout.kb-row-layout-id7783_d5422e-9e{margin-top:0px;}.kb-row-layout-id7783_d5422e-9e > .kt-row-column-wrap{align-content:start;}:where(.kb-row-layout-id7783_d5422e-9e > .kt-row-column-wrap) > .wp-block-kadence-column{justify-content:start;}.kb-row-layout-id7783_d5422e-9e > .kt-row-column-wrap{column-gap:var(--global-kb-gap-md, 2rem);row-gap:var(--global-kb-gap-sm, 1rem);max-width:1024px;margin-left:auto;margin-right:auto;padding-top:var(--global-kb-spacing-lg, 3rem);padding-right:0px;padding-bottom:var(--global-kb-spacing-lg, 3rem);padding-left:0px;grid-template-columns:minmax(0, 1fr);}.kb-row-layout-id7783_d5422e-9e > .kt-row-layout-overlay{opacity:0.30;}@media all and (max-width: 1024px){.kb-row-layout-id7783_d5422e-9e > .kt-row-column-wrap{max-width:800px;margin-left:auto;margin-right:auto;padding-right:0px;padding-bottom:var(--global-kb-spacing-lg, 3rem);padding-left:0px;grid-template-columns:minmax(0, 1fr);}}@media all and (max-width: 767px){.kb-row-layout-id7783_d5422e-9e > .kt-row-column-wrap{max-width:400px;margin-left:auto;margin-right:auto;padding-top:0px;padding-right:0px;padding-bottom:0px;padding-left:0px;grid-template-columns:minmax(0, 1fr);}}<\/style><div class=\"kb-row-layout-wrap kb-row-layout-id7783_d5422e-9e alignnone has-theme-palette9-background-color kt-row-has-bg wp-block-kadence-rowlayout\"><div class=\"kt-row-column-wrap kt-has-1-columns kt-row-layout-equal kt-tab-layout-inherit kt-mobile-layout-row kt-row-valign-top\">\n<style>.kadence-column7783_35ca2e-d0 > .kt-inside-inner-col,.kadence-column7783_35ca2e-d0 > .kt-inside-inner-col:before{border-top-left-radius:0px;border-top-right-radius:0px;border-bottom-right-radius:0px;border-bottom-left-radius:0px;}.kadence-column7783_35ca2e-d0 > .kt-inside-inner-col{column-gap:var(--global-kb-gap-sm, 1rem);}.kadence-column7783_35ca2e-d0 > .kt-inside-inner-col{flex-direction:column;}.kadence-column7783_35ca2e-d0 > .kt-inside-inner-col > .aligncenter{width:100%;}.kadence-column7783_35ca2e-d0 > .kt-inside-inner-col:before{opacity:0.3;}.kadence-column7783_35ca2e-d0{position:relative;}@media all and (max-width: 1024px){.kadence-column7783_35ca2e-d0 > .kt-inside-inner-col{flex-direction:column;justify-content:center;}}@media all and (max-width: 1024px){.kadence-column7783_35ca2e-d0, .kt-inside-inner-col > .kadence-column7783_35ca2e-d0:not(.specificity){margin-bottom:var(--global-kb-spacing-md, 2rem);}}@media all and (max-width: 767px){.kadence-column7783_35ca2e-d0 > .kt-inside-inner-col{padding-right:0px;padding-left:0px;flex-direction:column;justify-content:center;}.kadence-column7783_35ca2e-d0, .kt-inside-inner-col > .kadence-column7783_35ca2e-d0:not(.specificity){margin-right:0px;margin-left:0px;}}<\/style>\n<div class=\"wp-block-kadence-column kadence-column7783_35ca2e-d0\"><div class=\"kt-inside-inner-col\"><style>.kt-post-loop7783_6f1750-e3 .kadence-post-image{padding-top:0px;padding-right:0px;padding-bottom:0px;padding-left:0px;}.kt-post-loop7783_6f1750-e3 .kt-post-grid-wrap{gap:30px 30px;}.kt-post-loop7783_6f1750-e3 .kt-blocks-post-grid-item{border-top-left-radius:0px;border-top-right-radius:0px;border-bottom-right-radius:0px;border-bottom-left-radius:0px;border-top-color:currentColor;border-top-style:solid;border-right-color:currentColor;border-right-style:solid;border-bottom-color:currentColor;border-bottom-style:solid;border-left-color:currentColor;border-left-style:solid;background-color:var(--global-palette9, #ffffff);overflow:hidden;}.kt-post-loop7783_6f1750-e3 .kt-blocks-post-grid-item .kt-blocks-post-grid-item-inner{padding-top:0px;padding-right:10px;padding-bottom:0px;padding-left:10px;}.kt-post-loop7783_6f1750-e3 .kt-blocks-post-grid-item header{padding-top:45px;padding-right:30px;padding-bottom:10px;padding-left:30px;margin-top:-100px;margin-right:0px;margin-bottom:0px;margin-left:0px;background-color:var(--global-palette8, #F7FAFC);}.kt-post-loop7783_6f1750-e3 .kt-blocks-post-grid-item .kt-blocks-above-categories{color:var(--global-palette2, #2B6CB0);font-size:14px;text-transform:uppercase;}.kt-post-loop7783_6f1750-e3 .kt-blocks-post-grid-item .kt-blocks-above-categories a{color:var(--global-palette1, #3182CE);}.kt-post-loop7783_6f1750-e3 .kt-blocks-post-grid-item .kt-blocks-above-categories a:hover{color:var(--global-palette2, #2B6CB0);}.kt-post-loop7783_6f1750-e3 .kt-blocks-post-grid-item .entry-title{color:var(--global-palette3, #1A202C);padding-top:20px;padding-right:0px;padding-bottom:20px;padding-left:0px;margin-top:0px;margin-right:0px;margin-bottom:0px;margin-left:0px;font-size:50px;line-height:52px;}.kt-post-loop7783_6f1750-e3 .kt-blocks-post-grid-item .kt-blocks-post-top-meta{color:var(--global-palette5, #4A5568);}.kt-post-loop7783_6f1750-e3 .kt-blocks-post-grid-item .kt-blocks-post-top-meta a{color:var(--global-palette1, #3182CE);}.kt-post-loop7783_6f1750-e3 .kt-blocks-post-grid-item .kt-blocks-post-top-meta a:hover{color:var(--global-palette2, #2B6CB0);}.kt-post-loop7783_6f1750-e3 .entry-content{background-color:var(--global-palette8, #F7FAFC);color:var(--global-palette2, #2B6CB0);padding-top:10px;padding-right:10px;padding-bottom:10px;padding-left:20px;margin-top:10px;margin-right:10px;margin-bottom:0px;margin-left:10px;}.kt-post-loop7783_6f1750-e3 .kt-blocks-post-footer{background-color:var(--global-palette8, #F7FAFC);border-top-width:0px;border-right-width:0px;border-bottom-width:0px;border-left-width:0px;padding-top:0px;padding-right:15px;padding-bottom:5px;padding-left:15px;margin-top:0px;margin-right:0px;margin-bottom:0px;margin-left:0px;}.kt-post-loop7783_6f1750-e3 .entry-content:after{height:0px;}.kt-post-loop7783_6f1750-e3 .entry-content .kt-blocks-post-readmore{background-color:rgba(68,68,68,0);border-color:rgba(255,255,255,0);color:var(--global-palette1, #3182CE);padding-top:0px;padding-right:0px;padding-bottom:0px;padding-left:0px;margin-top:20px;margin-right:0px;margin-bottom:0px;margin-left:0px;}.kt-post-loop7783_6f1750-e3 .entry-content .kt-blocks-post-readmore:hover{color:var(--global-palette2, #2B6CB0);border-color:var(--global-palette9, #ffffff);background-color:var(--global-palette9, #ffffff);}.kt-post-loop7783_6f1750-e3 .kb-filter-item{border-top-width:0px;border-right-width:0px;border-bottom-width:2px;border-left-width:0px;padding-top:5px;padding-right:8px;padding-bottom:5px;padding-left:8px;margin-top:0px;margin-right:10px;margin-bottom:0px;margin-left:0px;}@media all and (max-width: 1024px){.kt-post-loop7783_6f1750-e3 .kt-blocks-post-grid-item{border-top-color:currentColor;border-top-style:solid;border-right-color:currentColor;border-right-style:solid;border-bottom-color:currentColor;border-bottom-style:solid;border-left-color:currentColor;border-left-style:solid;}}@media all and (max-width: 1024px){.kt-post-loop7783_6f1750-e3 .kt-blocks-post-grid-item .kt-blocks-post-grid-item-inner{padding-right:var(--global-kb-spacing-xs, 1rem);padding-left:var(--global-kb-spacing-xs, 1rem);}}@media all and (max-width: 1024px){.kt-post-loop7783_6f1750-e3 .kt-blocks-post-grid-item header{padding-right:var(--global-kb-spacing-sm, 1.5rem);padding-left:var(--global-kb-spacing-md, 2rem);margin-right:0px;}}@media all and (max-width: 1024px){.kt-post-loop7783_6f1750-e3 .kt-blocks-post-grid-item .entry-title{font-size:40px;line-height:40px;}}@media all and (max-width: 767px){.kt-post-loop7783_6f1750-e3 .kt-blocks-post-grid-item{border-top-color:currentColor;border-top-style:solid;border-right-color:currentColor;border-right-style:solid;border-bottom-color:currentColor;border-bottom-style:solid;border-left-color:currentColor;border-left-style:solid;}.kt-post-loop7783_6f1750-e3 .kt-blocks-post-grid-item .kt-blocks-post-grid-item-inner{padding-right:10px;padding-left:10px;}.kt-post-loop7783_6f1750-e3 .kt-blocks-post-grid-item header{padding-top:30px;padding-right:30px;padding-bottom:15px;padding-left:30px;margin-top:-60px;margin-right:0px;margin-bottom:0px;margin-left:0px;}.kt-post-loop7783_6f1750-e3 .kt-blocks-post-grid-item .entry-title{font-size:30px;}}<\/style><div class=\"wp-block-kadence-postgrid kt-blocks-post-loop-block alignnone kt-post-loop7783_6f1750-e3 kt-post-grid-layout-grid \"><div class=\"kt-post-grid-layout-grid-wrap kt-post-grid-wrap\" data-columns-xxl=\"1\" data-columns-xl=\"1\" data-columns-md=\"1\" data-columns-sm=\"1\" data-columns-xs=\"1\" data-columns-ss=\"1\"data-item-selector=\".kt-post-masonry-item\" aria-label=\"Post Carousel\"><article class=\"kt-blocks-post-grid-item post-10735 post type-post status-publish format-standard has-post-thumbnail hentry category-gpsr-de tag-gpsr-3 tag-web-shop-de tag-webshop-de\"><div class=\"kt-blocks-post-grid-item-inner-wrap kt-feat-image-align-top kt-feat-image-mobile-align-top\"><div class=\"kadence-post-image\"><div class=\"kadence-post-image-intrisic kt-image-ratio-66-67\" style=\"padding-bottom:66.67%;\"><div class=\"kadence-post-image-inner-intrisic\"><a aria-hidden=\"true\" tabindex=\"-1\" role=\"presentation\" href=\"https:\/\/lifty.hr\/de\/was-ist-gpsr\/\" aria-label=\"Was ist GPSR?\" class=\"kadence-post-image-inner-wrap\"><img loading=\"lazy\" decoding=\"async\" width=\"972\" height=\"707\" src=\"https:\/\/lifty.hr\/wp-content\/uploads\/GPSR-webshop.png\" class=\"attachment-large size-large wp-post-image\" alt=\"\" srcset=\"https:\/\/lifty.hr\/wp-content\/uploads\/GPSR-webshop.png 972w, https:\/\/lifty.hr\/wp-content\/uploads\/GPSR-webshop-300x218.png 300w, https:\/\/lifty.hr\/wp-content\/uploads\/GPSR-webshop-768x559.png 768w\" sizes=\"auto, (max-width: 972px) 100vw, 972px\" \/><\/a><\/div><\/div><\/div><div class=\"kt-blocks-post-grid-item-inner\"><header><div class=\"kt-blocks-above-categories\"><a href=\"https:\/\/lifty.hr\/de\/category\/gpsr-de\/\" class=\"category-link-gpsr-de\" rel=\"tag\">GPSR<\/a><\/div><h2 class=\"entry-title\"><a href=\"https:\/\/lifty.hr\/de\/was-ist-gpsr\/\">Was ist GPSR?<\/a><\/h2><div class=\"kt-blocks-post-top-meta\"><div class=\"kt-blocks-date\"><time datetime=\"2024-12-29T14:32:53+01:00\" class=\"kt-blocks-post-date\">29. Dezember 2024<\/time><\/div><div class=\"kt-blocks-meta-divider kt-blocks-meta-no-divider\"><\/div><div class=\"kt-blocks-post-author\"><span class=\"kt-blocks-author-pretext\">od <\/span><a href=\"https:\/\/lifty.hr\/de\/author\/viktoria\/\" class=\"kt-blocks-post-author-link fn\">Viktoria Kokalj<\/a><\/div><\/div><\/header><div class=\"entry-content\">Rechtsberatung zur GPSR: Was es f\u00fcr Webshop-Betreiber bedeutet Die General Product Safety Regulation (GPSR) ist ein wesentlicher Bestandteil der Produktsicherheitsrichtlinien der Europ\u00e4ischen Union. Sie stellt sicher, dass Produkte, die auf dem europ\u00e4ischen Markt verkauft werden, sicher f\u00fcr Verbraucher sind. F\u00fcr Betreiber von Webshops birgt die GPSR besondere Herausforderungen und Pflichten, die eingehalten werden m\u00fcssen. In diesem Artikel erkl\u00e4ren wir die wichtigsten Aspekte der GPSR und was das konkret f\u00fcr das Gesch\u00e4ft bedeutet. Was ist die GPSR? Die GPSR ist eine&#8230;<div class=\"kt-blocks-post-readmore-wrap\"><a class=\"kt-blocks-post-readmore\" href=\"https:\/\/lifty.hr\/de\/was-ist-gpsr\/\">Mehr erfahren \u2192<span class=\"screen-reader-text\"> Was ist GPSR?<\/span><\/a><\/div><\/div><footer class=\"kt-blocks-post-footer\"><div class=\"kt-blocks-post-footer-left\"><\/div><div class=\"kt-blocks-post-footer-right\"><\/div><\/footer><\/div><\/div><\/article><article class=\"kt-blocks-post-grid-item post-8319 post type-post status-publish format-standard has-post-thumbnail hentry category-seo tag-seo-2-de tag-seo-optimizacija-de tag-sichtbarkeit-der-website tag-suchmaschinenoptimierung tag-vidljivost-na-trazilicama-de tag-vidljivost-web-stranice-de\"><div class=\"kt-blocks-post-grid-item-inner-wrap kt-feat-image-align-top kt-feat-image-mobile-align-top\"><div class=\"kadence-post-image\"><div class=\"kadence-post-image-intrisic kt-image-ratio-66-67\" style=\"padding-bottom:66.67%;\"><div class=\"kadence-post-image-inner-intrisic\"><a aria-hidden=\"true\" tabindex=\"-1\" role=\"presentation\" href=\"https:\/\/lifty.hr\/de\/was-ist-seo-10-grunde-wieso-seo\/\" aria-label=\"Was ist SEO? 10 Gr\u00fcnde wieso SEO? Wie wird meine Website 1. Platz oder top bei Google?\" class=\"kadence-post-image-inner-wrap\"><img loading=\"lazy\" decoding=\"async\" width=\"1024\" height=\"628\" src=\"https:\/\/lifty.hr\/wp-content\/uploads\/Lifty-E-Commerce-SEO-18-1024x628.png\" class=\"attachment-large size-large wp-post-image\" alt=\"Was ist SEO? What is SEO? SEO\" srcset=\"https:\/\/lifty.hr\/wp-content\/uploads\/Lifty-E-Commerce-SEO-18-1024x628.png 1024w, https:\/\/lifty.hr\/wp-content\/uploads\/Lifty-E-Commerce-SEO-18-300x184.png 300w, https:\/\/lifty.hr\/wp-content\/uploads\/Lifty-E-Commerce-SEO-18-768x471.png 768w, https:\/\/lifty.hr\/wp-content\/uploads\/Lifty-E-Commerce-SEO-18.png 1100w\" sizes=\"auto, (max-width: 1024px) 100vw, 1024px\" \/><\/a><\/div><\/div><\/div><div class=\"kt-blocks-post-grid-item-inner\"><header><div class=\"kt-blocks-above-categories\"><a href=\"https:\/\/lifty.hr\/de\/category\/seo\/\" class=\"category-link-seo\" rel=\"tag\">SEO<\/a><\/div><h2 class=\"entry-title\"><a href=\"https:\/\/lifty.hr\/de\/was-ist-seo-10-grunde-wieso-seo\/\">Was ist SEO? 10 Gr\u00fcnde wieso SEO? Wie wird meine Website 1. Platz oder top bei Google?<\/a><\/h2><div class=\"kt-blocks-post-top-meta\"><div class=\"kt-blocks-date\"><time datetime=\"2024-05-13T17:28:06+02:00\" class=\"kt-blocks-post-date\">13. Mai 2024<\/time><\/div><div class=\"kt-blocks-meta-divider kt-blocks-meta-no-divider\"><\/div><div class=\"kt-blocks-post-author\"><span class=\"kt-blocks-author-pretext\">od <\/span><a href=\"https:\/\/lifty.hr\/de\/author\/viktoria\/\" class=\"kt-blocks-post-author-link fn\">Viktoria Kokalj<\/a><\/div><\/div><\/header><div class=\"entry-content\">Was is SEO? In diesem Blog erkl\u00e4ren wir &#8211; was ist SEO?! Wir pr\u00e4sentieren 10 entscheidende Gr\u00fcnde warum Suchmaschinenoptimierung f\u00fcr das Online-Gesch\u00e4ft wichtig ist, und wie man ein hohes Ranking bei Google erreichen kann! Hast du viel M\u00fche in deine eigene Webseite gesteckt oder sie sogar erstellen lassen? Wochen, ja sogar Monate vergingen, bis sie endlich fertig war. Jetzt, da sie online ist, f\u00fchlst du dich bereit f\u00fcr die ersten Besucher? Doch leider bleiben die Besucher aus? Selbst wenn du&#8230;<div class=\"kt-blocks-post-readmore-wrap\"><a class=\"kt-blocks-post-readmore\" href=\"https:\/\/lifty.hr\/de\/was-ist-seo-10-grunde-wieso-seo\/\">Mehr erfahren \u2192<span class=\"screen-reader-text\"> Was ist SEO? 10 Gr\u00fcnde wieso SEO? Wie wird meine Website 1. Platz oder top bei Google?<\/span><\/a><\/div><\/div><footer class=\"kt-blocks-post-footer\"><div class=\"kt-blocks-post-footer-left\"><\/div><div class=\"kt-blocks-post-footer-right\"><\/div><\/footer><\/div><\/div><\/article><article class=\"kt-blocks-post-grid-item post-7664 post type-post status-publish format-standard has-post-thumbnail hentry category-selbststaendige-erstellung-einer-webloesung\"><div class=\"kt-blocks-post-grid-item-inner-wrap kt-feat-image-align-top kt-feat-image-mobile-align-top\"><div class=\"kadence-post-image\"><div class=\"kadence-post-image-intrisic kt-image-ratio-66-67\" style=\"padding-bottom:66.67%;\"><div class=\"kadence-post-image-inner-intrisic\"><a aria-hidden=\"true\" tabindex=\"-1\" role=\"presentation\" href=\"https:\/\/lifty.hr\/de\/selbststaendige-erstellung-einer-website\/\" aria-label=\"Selbstst\u00e4ndige Erstellung einer Website\" class=\"kadence-post-image-inner-wrap\"><img loading=\"lazy\" decoding=\"async\" width=\"1024\" height=\"628\" src=\"https:\/\/lifty.hr\/wp-content\/uploads\/Lifty-Webdesign-Blog-14-1024x628.png\" class=\"attachment-large size-large wp-post-image\" alt=\"Website selber bauen\" srcset=\"https:\/\/lifty.hr\/wp-content\/uploads\/Lifty-Webdesign-Blog-14-1024x628.png 1024w, https:\/\/lifty.hr\/wp-content\/uploads\/Lifty-Webdesign-Blog-14-300x184.png 300w, https:\/\/lifty.hr\/wp-content\/uploads\/Lifty-Webdesign-Blog-14-768x471.png 768w, https:\/\/lifty.hr\/wp-content\/uploads\/Lifty-Webdesign-Blog-14.png 1100w\" sizes=\"auto, (max-width: 1024px) 100vw, 1024px\" \/><\/a><\/div><\/div><\/div><div class=\"kt-blocks-post-grid-item-inner\"><header><div class=\"kt-blocks-above-categories\"><a href=\"https:\/\/lifty.hr\/de\/category\/selbststaendige-erstellung-einer-webloesung\/\" class=\"category-link-selbststaendige-erstellung-einer-webloesung\" rel=\"tag\">Selbstst\u00e4ndige Erstellung einer Webl\u00f6sung<\/a><\/div><h2 class=\"entry-title\"><a href=\"https:\/\/lifty.hr\/de\/selbststaendige-erstellung-einer-website\/\">Selbstst\u00e4ndige Erstellung einer Website<\/a><\/h2><div class=\"kt-blocks-post-top-meta\"><div class=\"kt-blocks-date\"><time datetime=\"2024-05-04T12:07:03+02:00\" class=\"kt-blocks-post-date\">4. Mai 2024<\/time><\/div><div class=\"kt-blocks-meta-divider kt-blocks-meta-no-divider\"><\/div><div class=\"kt-blocks-post-author\"><span class=\"kt-blocks-author-pretext\">od <\/span><a href=\"https:\/\/lifty.hr\/de\/author\/viktoria\/\" class=\"kt-blocks-post-author-link fn\">Viktoria Kokalj<\/a><\/div><\/div><\/header><div class=\"entry-content\">Selbstst\u00e4ndige Erstellung einer Website Die selbstst\u00e4ndige Erstellung einer Website wird immer beliebter, besonders bei kleinen Unternehmen und Freiberuflern, die die Kontrolle \u00fcber ihre Online-Pr\u00e4senz \u00fcbernehmen m\u00f6chten. Doch es stellt sich oft die Frage: Ist die selbstst\u00e4ndige Erstellung einer Website wirklich kosteneffektiv und effizient, oder ist es besser, Experten zu beauftragen? Die Entscheidung zwischen diesen beiden Ans\u00e4tzen kann von verschiedenen Faktoren abh\u00e4ngen, einschlie\u00dflich Budget, technischer F\u00e4higkeiten und der Zeit, die du bereit bist zu investieren. Das Verst\u00e4ndnis der Vor- und Nachteile&#8230;<div class=\"kt-blocks-post-readmore-wrap\"><a class=\"kt-blocks-post-readmore\" href=\"https:\/\/lifty.hr\/de\/selbststaendige-erstellung-einer-website\/\">Mehr erfahren \u2192<span class=\"screen-reader-text\"> Selbstst\u00e4ndige Erstellung einer Website<\/span><\/a><\/div><\/div><footer class=\"kt-blocks-post-footer\"><div class=\"kt-blocks-post-footer-left\"><\/div><div class=\"kt-blocks-post-footer-right\"><\/div><\/footer><\/div><\/div><\/article><\/div><\/div><!-- .wp-block-kadence-postgrid --><\/div><\/div>\n\n<\/div><\/div>","protected":false},"excerpt":{"rendered":"","protected":false},"author":2,"featured_media":7684,"parent":0,"menu_order":0,"comment_status":"closed","ping_status":"closed","template":"","meta":{"_kad_blocks_custom_css":"","_kad_blocks_head_custom_js":"","_kad_blocks_body_custom_js":"","_kad_blocks_footer_custom_js":"","_kadence_starter_templates_imported_post":false,"_kad_post_transparent":"disable","_kad_post_title":"show","_kad_post_layout":"narrow","_kad_post_sidebar_id":"","_kad_post_content_style":"","_kad_post_vertical_padding":"","_kad_post_feature":"","_kad_post_feature_position":"","_kad_post_header":false,"_kad_post_footer":false,"_kad_post_classname":"","iawp_total_views":13,"footnotes":""},"class_list":["post-7783","page","type-page","status-publish","has-post-thumbnail","hentry"],"taxonomy_info":[],"featured_image_src_large":["https:\/\/lifty.hr\/wp-content\/uploads\/Lifty-Webdesign-Blog-14-1024x628.png",1024,628,true],"author_info":{"display_name":"Viktoria Kokalj","author_link":"https:\/\/lifty.hr\/de\/author\/viktoria\/"},"comment_info":0,"_links":{"self":[{"href":"https:\/\/lifty.hr\/de\/wp-json\/wp\/v2\/pages\/7783","targetHints":{"allow":["GET"]}}],"collection":[{"href":"https:\/\/lifty.hr\/de\/wp-json\/wp\/v2\/pages"}],"about":[{"href":"https:\/\/lifty.hr\/de\/wp-json\/wp\/v2\/types\/page"}],"author":[{"embeddable":true,"href":"https:\/\/lifty.hr\/de\/wp-json\/wp\/v2\/users\/2"}],"replies":[{"embeddable":true,"href":"https:\/\/lifty.hr\/de\/wp-json\/wp\/v2\/comments?post=7783"}],"version-history":[{"count":0,"href":"https:\/\/lifty.hr\/de\/wp-json\/wp\/v2\/pages\/7783\/revisions"}],"wp:featuredmedia":[{"embeddable":true,"href":"https:\/\/lifty.hr\/de\/wp-json\/wp\/v2\/media\/7684"}],"wp:attachment":[{"href":"https:\/\/lifty.hr\/de\/wp-json\/wp\/v2\/media?parent=7783"}],"curies":[{"name":"wp","href":"https:\/\/api.w.org\/{rel}","templated":true}]}}