{"id":71,"date":"2023-07-23T13:33:44","date_gmt":"2023-07-23T11:33:44","guid":{"rendered":"https:\/\/lifty.agency\/?page_id=71"},"modified":"2024-04-16T10:32:11","modified_gmt":"2024-04-16T08:32:11","slug":"impressum","status":"publish","type":"page","link":"https:\/\/lifty.hr\/de\/impressum\/","title":{"rendered":"Impressum"},"content":{"rendered":"<style>.kb-row-layout-id71_cc02c3-1e > .kt-row-column-wrap{align-content:start;}:where(.kb-row-layout-id71_cc02c3-1e > .kt-row-column-wrap) > .wp-block-kadence-column{justify-content:start;}.kb-row-layout-id71_cc02c3-1e > .kt-row-column-wrap{column-gap:var(--global-kb-gap-md, 2rem);row-gap:var(--global-kb-gap-md, 2rem);padding-top:var(--global-kb-spacing-sm, 1.5rem);grid-template-columns:minmax(0, calc(50% - ((var(--global-kb-gap-md, 2rem) * 1 )\/2)))minmax(0, calc(50% - ((var(--global-kb-gap-md, 2rem) * 1 )\/2)));}.kb-row-layout-id71_cc02c3-1e > .kt-row-layout-overlay{opacity:0.30;}@media all and (max-width: 1024px){.kb-row-layout-id71_cc02c3-1e > .kt-row-column-wrap{grid-template-columns:repeat(2, minmax(0, 1fr));}}@media all and (max-width: 767px){.kb-row-layout-id71_cc02c3-1e > .kt-row-column-wrap{grid-template-columns:minmax(0, 1fr);}}<\/style><div class=\"kb-row-layout-wrap kb-row-layout-id71_cc02c3-1e alignnone wp-block-kadence-rowlayout\"><div class=\"kt-row-column-wrap kt-has-2-columns kt-row-layout-equal kt-tab-layout-inherit kt-mobile-layout-row kt-row-valign-top\">\n<style>.kadence-column71_9bcfb5-e0 > .kt-inside-inner-col,.kadence-column71_9bcfb5-e0 > .kt-inside-inner-col:before{border-top-left-radius:0px;border-top-right-radius:0px;border-bottom-right-radius:0px;border-bottom-left-radius:0px;}.kadence-column71_9bcfb5-e0 > .kt-inside-inner-col{column-gap:var(--global-kb-gap-sm, 1rem);}.kadence-column71_9bcfb5-e0 > .kt-inside-inner-col{flex-direction:column;}.kadence-column71_9bcfb5-e0 > .kt-inside-inner-col > .aligncenter{width:100%;}.kadence-column71_9bcfb5-e0 > .kt-inside-inner-col:before{opacity:0.3;}.kadence-column71_9bcfb5-e0{position:relative;}@media all and (max-width: 1024px){.kadence-column71_9bcfb5-e0 > .kt-inside-inner-col{flex-direction:column;justify-content:center;}}@media all and (max-width: 767px){.kadence-column71_9bcfb5-e0 > .kt-inside-inner-col{flex-direction:column;justify-content:center;}}<\/style>\n<div class=\"wp-block-kadence-column kadence-column71_9bcfb5-e0\"><div class=\"kt-inside-inner-col\"><style>.wp-block-kadence-advancedheading.kt-adv-heading71_4f24d0-78, .wp-block-kadence-advancedheading.kt-adv-heading71_4f24d0-78[data-kb-block=\"kb-adv-heading71_4f24d0-78\"]{padding-bottom:0px;margin-bottom:0px;font-style:normal;}.wp-block-kadence-advancedheading.kt-adv-heading71_4f24d0-78 mark.kt-highlight, .wp-block-kadence-advancedheading.kt-adv-heading71_4f24d0-78[data-kb-block=\"kb-adv-heading71_4f24d0-78\"] mark.kt-highlight{font-style:normal;color:#f76a0c;-webkit-box-decoration-break:clone;box-decoration-break:clone;padding-top:0px;padding-right:0px;padding-bottom:0px;padding-left:0px;}.wp-block-kadence-advancedheading.kt-adv-heading71_4f24d0-78 img.kb-inline-image, .wp-block-kadence-advancedheading.kt-adv-heading71_4f24d0-78[data-kb-block=\"kb-adv-heading71_4f24d0-78\"] img.kb-inline-image{width:150px;vertical-align:baseline;}<\/style>\n<h2 class=\"kt-adv-heading71_4f24d0-78 wp-block-kadence-advancedheading\" data-kb-block=\"kb-adv-heading71_4f24d0-78\">LIFTY E-COMMERCE d.o.o.<\/h2>\n\n\n<style>.wp-block-kadence-advancedheading.kt-adv-heading71_dea213-3e, .wp-block-kadence-advancedheading.kt-adv-heading71_dea213-3e[data-kb-block=\"kb-adv-heading71_dea213-3e\"]{padding-bottom:0px;margin-bottom:0px;font-style:normal;}.wp-block-kadence-advancedheading.kt-adv-heading71_dea213-3e mark.kt-highlight, .wp-block-kadence-advancedheading.kt-adv-heading71_dea213-3e[data-kb-block=\"kb-adv-heading71_dea213-3e\"] mark.kt-highlight{font-style:normal;color:#f76a0c;-webkit-box-decoration-break:clone;box-decoration-break:clone;padding-top:0px;padding-right:0px;padding-bottom:0px;padding-left:0px;}.wp-block-kadence-advancedheading.kt-adv-heading71_dea213-3e img.kb-inline-image, .wp-block-kadence-advancedheading.kt-adv-heading71_dea213-3e[data-kb-block=\"kb-adv-heading71_dea213-3e\"] img.kb-inline-image{width:150px;vertical-align:baseline;}<\/style>\n<p class=\"kt-adv-heading71_dea213-3e wp-block-kadence-advancedheading\" data-kb-block=\"kb-adv-heading71_dea213-3e\">Ulica bra\u0107e Radi\u0107a 72<\/p>\n\n\n<style>.wp-block-kadence-advancedheading.kt-adv-heading71_3e8a92-0f, .wp-block-kadence-advancedheading.kt-adv-heading71_3e8a92-0f[data-kb-block=\"kb-adv-heading71_3e8a92-0f\"]{margin-bottom:0px;font-style:normal;}.wp-block-kadence-advancedheading.kt-adv-heading71_3e8a92-0f mark.kt-highlight, .wp-block-kadence-advancedheading.kt-adv-heading71_3e8a92-0f[data-kb-block=\"kb-adv-heading71_3e8a92-0f\"] mark.kt-highlight{font-style:normal;color:#f76a0c;-webkit-box-decoration-break:clone;box-decoration-break:clone;padding-top:0px;padding-right:0px;padding-bottom:0px;padding-left:0px;}.wp-block-kadence-advancedheading.kt-adv-heading71_3e8a92-0f img.kb-inline-image, .wp-block-kadence-advancedheading.kt-adv-heading71_3e8a92-0f[data-kb-block=\"kb-adv-heading71_3e8a92-0f\"] img.kb-inline-image{width:150px;vertical-align:baseline;}<\/style>\n<p class=\"kt-adv-heading71_3e8a92-0f wp-block-kadence-advancedheading\" data-kb-block=\"kb-adv-heading71_3e8a92-0f\">40000 Pribislavec<\/p>\n\n\n<style>.wp-block-kadence-advancedheading.kt-adv-heading71_edd782-d7, .wp-block-kadence-advancedheading.kt-adv-heading71_edd782-d7[data-kb-block=\"kb-adv-heading71_edd782-d7\"]{margin-bottom:var(--global-kb-spacing-md, 2rem);font-style:normal;}.wp-block-kadence-advancedheading.kt-adv-heading71_edd782-d7 mark.kt-highlight, .wp-block-kadence-advancedheading.kt-adv-heading71_edd782-d7[data-kb-block=\"kb-adv-heading71_edd782-d7\"] mark.kt-highlight{font-style:normal;color:#f76a0c;-webkit-box-decoration-break:clone;box-decoration-break:clone;padding-top:0px;padding-right:0px;padding-bottom:0px;padding-left:0px;}.wp-block-kadence-advancedheading.kt-adv-heading71_edd782-d7 img.kb-inline-image, .wp-block-kadence-advancedheading.kt-adv-heading71_edd782-d7[data-kb-block=\"kb-adv-heading71_edd782-d7\"] img.kb-inline-image{width:150px;vertical-align:baseline;}<\/style>\n<p class=\"kt-adv-heading71_edd782-d7 wp-block-kadence-advancedheading\" data-kb-block=\"kb-adv-heading71_edd782-d7\">EU-Kroatien<\/p>\n\n\n<style>.wp-block-kadence-advancedheading.kt-adv-heading71_efed2f-31, .wp-block-kadence-advancedheading.kt-adv-heading71_efed2f-31[data-kb-block=\"kb-adv-heading71_efed2f-31\"]{margin-bottom:0px;font-style:normal;}.wp-block-kadence-advancedheading.kt-adv-heading71_efed2f-31 mark.kt-highlight, .wp-block-kadence-advancedheading.kt-adv-heading71_efed2f-31[data-kb-block=\"kb-adv-heading71_efed2f-31\"] mark.kt-highlight{font-style:normal;color:#f76a0c;-webkit-box-decoration-break:clone;box-decoration-break:clone;padding-top:0px;padding-right:0px;padding-bottom:0px;padding-left:0px;}.wp-block-kadence-advancedheading.kt-adv-heading71_efed2f-31 img.kb-inline-image, .wp-block-kadence-advancedheading.kt-adv-heading71_efed2f-31[data-kb-block=\"kb-adv-heading71_efed2f-31\"] img.kb-inline-image{width:150px;vertical-align:baseline;}<\/style>\n<p class=\"kt-adv-heading71_efed2f-31 wp-block-kadence-advancedheading\" data-kb-block=\"kb-adv-heading71_efed2f-31\"><strong>Tel.:&nbsp;<\/strong><a href=\"tel:+4930221822874\">+49 (0) 30 221 822 874<\/a><\/p>\n\n\n<style>.wp-block-kadence-advancedheading.kt-adv-heading71_b66758-65, .wp-block-kadence-advancedheading.kt-adv-heading71_b66758-65[data-kb-block=\"kb-adv-heading71_b66758-65\"]{margin-bottom:0px;font-style:normal;}.wp-block-kadence-advancedheading.kt-adv-heading71_b66758-65 mark.kt-highlight, .wp-block-kadence-advancedheading.kt-adv-heading71_b66758-65[data-kb-block=\"kb-adv-heading71_b66758-65\"] mark.kt-highlight{font-style:normal;color:#f76a0c;-webkit-box-decoration-break:clone;box-decoration-break:clone;padding-top:0px;padding-right:0px;padding-bottom:0px;padding-left:0px;}.wp-block-kadence-advancedheading.kt-adv-heading71_b66758-65 img.kb-inline-image, .wp-block-kadence-advancedheading.kt-adv-heading71_b66758-65[data-kb-block=\"kb-adv-heading71_b66758-65\"] img.kb-inline-image{width:150px;vertical-align:baseline;}<\/style>\n<p class=\"kt-adv-heading71_b66758-65 wp-block-kadence-advancedheading\" data-kb-block=\"kb-adv-heading71_b66758-65\"><strong>Tel:<\/strong>&nbsp;<a href=\"tel:+385957588567\">+385 (0) 95 7588 567<\/a><\/p>\n\n\n<style>.wp-block-kadence-advancedheading.kt-adv-heading71_932541-c9, .wp-block-kadence-advancedheading.kt-adv-heading71_932541-c9[data-kb-block=\"kb-adv-heading71_932541-c9\"]{padding-bottom:var(--global-kb-spacing-md, 2rem);margin-bottom:0px;font-style:normal;}.wp-block-kadence-advancedheading.kt-adv-heading71_932541-c9 mark.kt-highlight, .wp-block-kadence-advancedheading.kt-adv-heading71_932541-c9[data-kb-block=\"kb-adv-heading71_932541-c9\"] mark.kt-highlight{font-style:normal;color:#f76a0c;-webkit-box-decoration-break:clone;box-decoration-break:clone;padding-top:0px;padding-right:0px;padding-bottom:0px;padding-left:0px;}.wp-block-kadence-advancedheading.kt-adv-heading71_932541-c9 img.kb-inline-image, .wp-block-kadence-advancedheading.kt-adv-heading71_932541-c9[data-kb-block=\"kb-adv-heading71_932541-c9\"] img.kb-inline-image{width:150px;vertical-align:baseline;}<\/style>\n<p class=\"kt-adv-heading71_932541-c9 wp-block-kadence-advancedheading\" data-kb-block=\"kb-adv-heading71_932541-c9\"><strong>E-Mail:<\/strong> <a href=\"mailto:mail@lifty.hr\">mail@lifty.hr<\/a> <\/p>\n\n\n<style>.wp-block-kadence-advancedheading.kt-adv-heading71_ac6a1f-a1, .wp-block-kadence-advancedheading.kt-adv-heading71_ac6a1f-a1[data-kb-block=\"kb-adv-heading71_ac6a1f-a1\"]{padding-bottom:0px;margin-bottom:0px;font-style:normal;}.wp-block-kadence-advancedheading.kt-adv-heading71_ac6a1f-a1 mark.kt-highlight, .wp-block-kadence-advancedheading.kt-adv-heading71_ac6a1f-a1[data-kb-block=\"kb-adv-heading71_ac6a1f-a1\"] mark.kt-highlight{font-style:normal;color:#f76a0c;-webkit-box-decoration-break:clone;box-decoration-break:clone;padding-top:0px;padding-right:0px;padding-bottom:0px;padding-left:0px;}.wp-block-kadence-advancedheading.kt-adv-heading71_ac6a1f-a1 img.kb-inline-image, .wp-block-kadence-advancedheading.kt-adv-heading71_ac6a1f-a1[data-kb-block=\"kb-adv-heading71_ac6a1f-a1\"] img.kb-inline-image{width:150px;vertical-align:baseline;}@media all and (max-width: 767px){.wp-block-kadence-advancedheading.kt-adv-heading71_ac6a1f-a1, .wp-block-kadence-advancedheading.kt-adv-heading71_ac6a1f-a1[data-kb-block=\"kb-adv-heading71_ac6a1f-a1\"]{padding-bottom:0px;}}<\/style>\n<p class=\"kt-adv-heading71_ac6a1f-a1 wp-block-kadence-advancedheading\" data-kb-block=\"kb-adv-heading71_ac6a1f-a1\"><strong>VAT ID:<\/strong> HR83 7224 6266 1<br><\/p>\n\n\n<style>.wp-block-kadence-advancedheading.kt-adv-heading71_83a924-c2, .wp-block-kadence-advancedheading.kt-adv-heading71_83a924-c2[data-kb-block=\"kb-adv-heading71_83a924-c2\"]{padding-bottom:var(--global-kb-spacing-md, 2rem);margin-bottom:0px;font-style:normal;}.wp-block-kadence-advancedheading.kt-adv-heading71_83a924-c2 mark.kt-highlight, .wp-block-kadence-advancedheading.kt-adv-heading71_83a924-c2[data-kb-block=\"kb-adv-heading71_83a924-c2\"] mark.kt-highlight{font-style:normal;color:#f76a0c;-webkit-box-decoration-break:clone;box-decoration-break:clone;padding-top:0px;padding-right:0px;padding-bottom:0px;padding-left:0px;}.wp-block-kadence-advancedheading.kt-adv-heading71_83a924-c2 img.kb-inline-image, .wp-block-kadence-advancedheading.kt-adv-heading71_83a924-c2[data-kb-block=\"kb-adv-heading71_83a924-c2\"] img.kb-inline-image{width:150px;vertical-align:baseline;}<\/style>\n<p class=\"kt-adv-heading71_83a924-c2 wp-block-kadence-advancedheading\" data-kb-block=\"kb-adv-heading71_83a924-c2\"><strong>OIB:<\/strong>&nbsp;83722462661<br><strong>MB:<\/strong>&nbsp;05823200<br><strong>MBS:<\/strong>&nbsp;070202903<\/p>\n\n\n<style>.wp-block-kadence-advancedheading.kt-adv-heading71_2afb0e-ba, .wp-block-kadence-advancedheading.kt-adv-heading71_2afb0e-ba[data-kb-block=\"kb-adv-heading71_2afb0e-ba\"]{padding-top:var(--global-kb-spacing-xxs, 0.5rem);margin-bottom:0px;font-style:normal;}.wp-block-kadence-advancedheading.kt-adv-heading71_2afb0e-ba mark.kt-highlight, .wp-block-kadence-advancedheading.kt-adv-heading71_2afb0e-ba[data-kb-block=\"kb-adv-heading71_2afb0e-ba\"] mark.kt-highlight{font-style:normal;color:#f76a0c;-webkit-box-decoration-break:clone;box-decoration-break:clone;padding-top:0px;padding-right:0px;padding-bottom:0px;padding-left:0px;}.wp-block-kadence-advancedheading.kt-adv-heading71_2afb0e-ba img.kb-inline-image, .wp-block-kadence-advancedheading.kt-adv-heading71_2afb0e-ba[data-kb-block=\"kb-adv-heading71_2afb0e-ba\"] img.kb-inline-image{width:150px;vertical-align:baseline;}@media all and (max-width: 767px){.wp-block-kadence-advancedheading.kt-adv-heading71_2afb0e-ba, .wp-block-kadence-advancedheading.kt-adv-heading71_2afb0e-ba[data-kb-block=\"kb-adv-heading71_2afb0e-ba\"]{padding-top:0px;}}<\/style>\n<p class=\"kt-adv-heading71_2afb0e-ba wp-block-kadence-advancedheading\" data-kb-block=\"kb-adv-heading71_2afb0e-ba\"><strong>Raiffeisenbank Austria d.d.&nbsp;<\/strong><\/p>\n\n\n<style>.wp-block-kadence-advancedheading.kt-adv-heading71_70f4f1-05, .wp-block-kadence-advancedheading.kt-adv-heading71_70f4f1-05[data-kb-block=\"kb-adv-heading71_70f4f1-05\"]{font-style:normal;}.wp-block-kadence-advancedheading.kt-adv-heading71_70f4f1-05 mark.kt-highlight, .wp-block-kadence-advancedheading.kt-adv-heading71_70f4f1-05[data-kb-block=\"kb-adv-heading71_70f4f1-05\"] mark.kt-highlight{font-style:normal;color:#f76a0c;-webkit-box-decoration-break:clone;box-decoration-break:clone;padding-top:0px;padding-right:0px;padding-bottom:0px;padding-left:0px;}.wp-block-kadence-advancedheading.kt-adv-heading71_70f4f1-05 img.kb-inline-image, .wp-block-kadence-advancedheading.kt-adv-heading71_70f4f1-05[data-kb-block=\"kb-adv-heading71_70f4f1-05\"] img.kb-inline-image{width:150px;vertical-align:baseline;}<\/style>\n<p class=\"kt-adv-heading71_70f4f1-05 wp-block-kadence-advancedheading\" data-kb-block=\"kb-adv-heading71_70f4f1-05\"><strong>IBAN:&nbsp;<\/strong>HR94 2484 0081 1353 4737 9<br><strong>SWIFT CODE\/BIC:&nbsp;<\/strong> RZBHHR2XXXX<\/p>\n<\/div><\/div>\n\n\n<style>.kadence-column71_987cc5-3b > .kt-inside-inner-col{padding-bottom:0px;}.kadence-column71_987cc5-3b > .kt-inside-inner-col,.kadence-column71_987cc5-3b > .kt-inside-inner-col:before{border-top-left-radius:0px;border-top-right-radius:0px;border-bottom-right-radius:0px;border-bottom-left-radius:0px;}.kadence-column71_987cc5-3b > .kt-inside-inner-col{column-gap:var(--global-kb-gap-sm, 1rem);}.kadence-column71_987cc5-3b > .kt-inside-inner-col{flex-direction:column;}.kadence-column71_987cc5-3b > .kt-inside-inner-col > .aligncenter{width:100%;}.kadence-column71_987cc5-3b > .kt-inside-inner-col:before{opacity:0.3;}.kadence-column71_987cc5-3b{position:relative;}.kadence-column71_987cc5-3b, .kt-inside-inner-col > .kadence-column71_987cc5-3b:not(.specificity){margin-bottom:0px;}@media all and (max-width: 1024px){.kadence-column71_987cc5-3b > .kt-inside-inner-col{flex-direction:column;justify-content:center;}}@media all and (max-width: 767px){.kadence-column71_987cc5-3b > .kt-inside-inner-col{flex-direction:column;justify-content:center;}}<\/style>\n<div class=\"wp-block-kadence-column kadence-column71_987cc5-3b\"><div class=\"kt-inside-inner-col\"><style>.wp-block-kadence-advancedheading.kt-adv-heading71_81fc3c-7f, .wp-block-kadence-advancedheading.kt-adv-heading71_81fc3c-7f[data-kb-block=\"kb-adv-heading71_81fc3c-7f\"]{padding-top:var(--global-kb-spacing-lg, 3rem);font-style:normal;}.wp-block-kadence-advancedheading.kt-adv-heading71_81fc3c-7f mark.kt-highlight, .wp-block-kadence-advancedheading.kt-adv-heading71_81fc3c-7f[data-kb-block=\"kb-adv-heading71_81fc3c-7f\"] mark.kt-highlight{font-style:normal;color:#f76a0c;-webkit-box-decoration-break:clone;box-decoration-break:clone;padding-top:0px;padding-right:0px;padding-bottom:0px;padding-left:0px;}.wp-block-kadence-advancedheading.kt-adv-heading71_81fc3c-7f img.kb-inline-image, .wp-block-kadence-advancedheading.kt-adv-heading71_81fc3c-7f[data-kb-block=\"kb-adv-heading71_81fc3c-7f\"] img.kb-inline-image{width:150px;vertical-align:baseline;}@media all and (max-width: 767px){.wp-block-kadence-advancedheading.kt-adv-heading71_81fc3c-7f, .wp-block-kadence-advancedheading.kt-adv-heading71_81fc3c-7f[data-kb-block=\"kb-adv-heading71_81fc3c-7f\"]{padding-top:0px;}}<\/style>\n<p class=\"kt-adv-heading71_81fc3c-7f wp-block-kadence-advancedheading\" data-kb-block=\"kb-adv-heading71_81fc3c-7f\"><strong>Gr\u00fcnder: <br><\/strong>Maik Daniel, Viktoria Rebeka Kokalj<\/p>\n\n\n<style>.wp-block-kadence-advancedheading.kt-adv-heading71_d1cd3c-73, .wp-block-kadence-advancedheading.kt-adv-heading71_d1cd3c-73[data-kb-block=\"kb-adv-heading71_d1cd3c-73\"]{font-style:normal;}.wp-block-kadence-advancedheading.kt-adv-heading71_d1cd3c-73 mark.kt-highlight, .wp-block-kadence-advancedheading.kt-adv-heading71_d1cd3c-73[data-kb-block=\"kb-adv-heading71_d1cd3c-73\"] mark.kt-highlight{font-style:normal;color:#f76a0c;-webkit-box-decoration-break:clone;box-decoration-break:clone;padding-top:0px;padding-right:0px;padding-bottom:0px;padding-left:0px;}.wp-block-kadence-advancedheading.kt-adv-heading71_d1cd3c-73 img.kb-inline-image, .wp-block-kadence-advancedheading.kt-adv-heading71_d1cd3c-73[data-kb-block=\"kb-adv-heading71_d1cd3c-73\"] img.kb-inline-image{width:150px;vertical-align:baseline;}<\/style>\n<p class=\"kt-adv-heading71_d1cd3c-73 wp-block-kadence-advancedheading\" data-kb-block=\"kb-adv-heading71_d1cd3c-73\"><strong>Direktor<\/strong>: <br>Maik Daniel<\/p>\n\n\n<style>.wp-block-kadence-advancedheading.kt-adv-heading71_fb8ec1-83, .wp-block-kadence-advancedheading.kt-adv-heading71_fb8ec1-83[data-kb-block=\"kb-adv-heading71_fb8ec1-83\"]{font-style:normal;}.wp-block-kadence-advancedheading.kt-adv-heading71_fb8ec1-83 mark.kt-highlight, .wp-block-kadence-advancedheading.kt-adv-heading71_fb8ec1-83[data-kb-block=\"kb-adv-heading71_fb8ec1-83\"] mark.kt-highlight{font-style:normal;color:#f76a0c;-webkit-box-decoration-break:clone;box-decoration-break:clone;padding-top:0px;padding-right:0px;padding-bottom:0px;padding-left:0px;}.wp-block-kadence-advancedheading.kt-adv-heading71_fb8ec1-83 img.kb-inline-image, .wp-block-kadence-advancedheading.kt-adv-heading71_fb8ec1-83[data-kb-block=\"kb-adv-heading71_fb8ec1-83\"] img.kb-inline-image{width:150px;vertical-align:baseline;}<\/style>\n<p class=\"kt-adv-heading71_fb8ec1-83 wp-block-kadence-advancedheading\" data-kb-block=\"kb-adv-heading71_fb8ec1-83\"><strong>Stammkapital<\/strong>: <br>2.500,00 EUR vollst\u00e4ndig eingezahlt<\/p>\n\n\n<style>.wp-block-kadence-advancedheading.kt-adv-heading71_5e681c-f0, .wp-block-kadence-advancedheading.kt-adv-heading71_5e681c-f0[data-kb-block=\"kb-adv-heading71_5e681c-f0\"]{font-style:normal;}.wp-block-kadence-advancedheading.kt-adv-heading71_5e681c-f0 mark.kt-highlight, .wp-block-kadence-advancedheading.kt-adv-heading71_5e681c-f0[data-kb-block=\"kb-adv-heading71_5e681c-f0\"] mark.kt-highlight{font-style:normal;color:#f76a0c;-webkit-box-decoration-break:clone;box-decoration-break:clone;padding-top:0px;padding-right:0px;padding-bottom:0px;padding-left:0px;}.wp-block-kadence-advancedheading.kt-adv-heading71_5e681c-f0 img.kb-inline-image, .wp-block-kadence-advancedheading.kt-adv-heading71_5e681c-f0[data-kb-block=\"kb-adv-heading71_5e681c-f0\"] img.kb-inline-image{width:150px;vertical-align:baseline;}<\/style>\n<p class=\"kt-adv-heading71_5e681c-f0 wp-block-kadence-advancedheading\" data-kb-block=\"kb-adv-heading71_5e681c-f0\">Lifty E-Commerce d.o.o. (Gesellschaft mit beschr\u00e4nkter Haftung) f\u00fcr Informationstechnologiedienste ist beim Handelsgericht Vara\u017edin unter Tt-23\/3727-2 eingetragen.<\/p>\n<\/div><\/div>\n\n<\/div><\/div>","protected":false},"excerpt":{"rendered":"<p>LIFTY E-COMMERCE d.o.o. Ulica bra\u0107e Radi\u0107a 72 40000 Pribislavec EU-Kroatien Tel.:&nbsp;+49 (0) 30 221 822 874 Tel:&nbsp;+385 (0) 95 7588 567 E-Mail: mail@lifty.hr VAT ID: HR83 7224 6266 1 OIB:&nbsp;83722462661MB:&nbsp;05823200MBS:&nbsp;070202903 Raiffeisenbank Austria d.d.&nbsp; IBAN:&nbsp;HR94 2484 0081 1353 4737 9SWIFT CODE\/BIC:&nbsp; RZBHHR2XXXX Gr\u00fcnder: Maik Daniel, Viktoria Rebeka Kokalj Direktor: Maik Daniel Stammkapital: 2.500,00 EUR vollst\u00e4ndig eingezahlt&#8230;<\/p>\n","protected":false},"author":1,"featured_media":191,"parent":0,"menu_order":0,"comment_status":"closed","ping_status":"closed","template":"","meta":{"_kad_blocks_custom_css":"","_kad_blocks_head_custom_js":"","_kad_blocks_body_custom_js":"","_kad_blocks_footer_custom_js":"","_kadence_starter_templates_imported_post":false,"_kad_post_transparent":"","_kad_post_title":"","_kad_post_layout":"normal","_kad_post_sidebar_id":"","_kad_post_content_style":"","_kad_post_vertical_padding":"","_kad_post_feature":"","_kad_post_feature_position":"","_kad_post_header":false,"_kad_post_footer":false,"_kad_post_classname":"","iawp_total_views":235,"footnotes":""},"class_list":["post-71","page","type-page","status-publish","has-post-thumbnail","hentry"],"taxonomy_info":[],"featured_image_src_large":["https:\/\/lifty.hr\/wp-content\/uploads\/LIFTY_Logo_11.png",1000,1000,false],"author_info":{"display_name":"admin","author_link":"https:\/\/lifty.hr\/de\/author\/main_grxihbul\/"},"comment_info":0,"_links":{"self":[{"href":"https:\/\/lifty.hr\/de\/wp-json\/wp\/v2\/pages\/71","targetHints":{"allow":["GET"]}}],"collection":[{"href":"https:\/\/lifty.hr\/de\/wp-json\/wp\/v2\/pages"}],"about":[{"href":"https:\/\/lifty.hr\/de\/wp-json\/wp\/v2\/types\/page"}],"author":[{"embeddable":true,"href":"https:\/\/lifty.hr\/de\/wp-json\/wp\/v2\/users\/1"}],"replies":[{"embeddable":true,"href":"https:\/\/lifty.hr\/de\/wp-json\/wp\/v2\/comments?post=71"}],"version-history":[{"count":0,"href":"https:\/\/lifty.hr\/de\/wp-json\/wp\/v2\/pages\/71\/revisions"}],"wp:featuredmedia":[{"embeddable":true,"href":"https:\/\/lifty.hr\/de\/wp-json\/wp\/v2\/media\/191"}],"wp:attachment":[{"href":"https:\/\/lifty.hr\/de\/wp-json\/wp\/v2\/media?parent=71"}],"curies":[{"name":"wp","href":"https:\/\/api.w.org\/{rel}","templated":true}]}}